{"id":742,"date":"2021-09-19T01:12:02","date_gmt":"2021-09-19T01:12:02","guid":{"rendered":"https:\/\/peruonline.store\/?post_type=product&#038;p=742"},"modified":"2023-12-15T03:37:38","modified_gmt":"2023-12-15T03:37:38","slug":"camiseta-alianza-lima-1997","status":"publish","type":"product","link":"https:\/\/peruonline.store\/index.php\/product\/camiseta-alianza-lima-1997\/","title":{"rendered":"Camiseta Alianza Lima 1997 Retro"},"content":{"rendered":"<p><strong>Alianza Lima<\/strong> es uno de los equipos m\u00e1s grandes del Per\u00fa y sus 23 campeonatos lo avalan. Durante la d\u00e9cada del 90, Alianza siempre peleo los primeros puestos, pero solo fue en 1997 que pudo alzarse con el campeonato nacional.<\/p>\n<p>En ese equipo hist\u00f3rico liderado por Jorge Luis Pinto, figuraban Waldir S\u00e1enz, Marquinhos, Jayo, El Churre Hinostroza, Juan Carlos Bazalar, David Chevez, Marulanda, etc. Un equipo arrollador, en el que Wally logr\u00f3 notar toda su capacidad goleadora.<\/p>\n<p>Esta es una camiseta hist\u00f3rica que todo hincha blanquiazul debe tener en su colecci\u00f3n.<\/p>\n","protected":false},"excerpt":{"rendered":"<p>Nos une la pasi\u00f3n, nos define una historia, todos nuestros corazones palpitan con el mismo sentimiento. <strong>Juntos Somos Coraz\u00f3n, Juntos Somos Alianza.<\/strong><\/p>\n","protected":false},"featured_media":744,"comment_status":"open","ping_status":"closed","template":"","meta":{"spay_email":""},"product_cat":[28,31,55,58],"product_tag":[],"class_list":["post-742","product","type-product","status-publish","has-post-thumbnail","hentry","product_cat-camisetas","product_cat-clubes","product_cat-nacionales","product_cat-retro"],"_links":{"self":[{"href":"https:\/\/peruonline.store\/index.php\/wp-json\/wp\/v2\/product\/742","targetHints":{"allow":["GET"]}}],"collection":[{"href":"https:\/\/peruonline.store\/index.php\/wp-json\/wp\/v2\/product"}],"about":[{"href":"https:\/\/peruonline.store\/index.php\/wp-json\/wp\/v2\/types\/product"}],"replies":[{"embeddable":true,"href":"https:\/\/peruonline.store\/index.php\/wp-json\/wp\/v2\/comments?post=742"}],"wp:featuredmedia":[{"embeddable":true,"href":"https:\/\/peruonline.store\/index.php\/wp-json\/wp\/v2\/media\/744"}],"wp:attachment":[{"href":"https:\/\/peruonline.store\/index.php\/wp-json\/wp\/v2\/media?parent=742"}],"wp:term":[{"taxonomy":"product_cat","embeddable":true,"href":"https:\/\/peruonline.store\/index.php\/wp-json\/wp\/v2\/product_cat?post=742"},{"taxonomy":"product_tag","embeddable":true,"href":"https:\/\/peruonline.store\/index.php\/wp-json\/wp\/v2\/product_tag?post=742"}],"curies":[{"name":"wp","href":"https:\/\/api.w.org\/{rel}","templated":true}]}}