{"id":705,"date":"2021-09-17T22:22:21","date_gmt":"2021-09-17T22:22:21","guid":{"rendered":"https:\/\/peruonline.store\/?post_type=product&#038;p=705"},"modified":"2022-06-20T01:12:11","modified_gmt":"2022-06-20T01:12:11","slug":"camiseta-seleccion-peruana-alterna-2019-edicion-especial-el-corazon-de-todos","status":"publish","type":"product","link":"https:\/\/peruonline.store\/index.php\/product\/camiseta-seleccion-peruana-alterna-2019-edicion-especial-el-corazon-de-todos\/","title":{"rendered":"Camiseta Selecci\u00f3n Peruana Alterna 2019 Edici\u00f3n Limitada &#8211; El Coraz\u00f3n de Todos"},"content":{"rendered":"<p><strong>El Coraz\u00f3n De Todos<\/strong>\u00a0La\u00a0<strong>Selecci\u00f3n Peruana<\/strong>\u00a0tiene una nueva piel. Es edici\u00f3n limitada y est\u00e1 inspirada en los latidos de todos los peruanos. Es rojo pasi\u00f3n, pasi\u00f3n que tienen los hinchas por la rojiblanca.<\/p>\n<p>Esta camiseta es edici\u00f3n limitada y es exclusiva para los hinchas. Fue lanzada por uno de los auspiciadores de la\u00a0<strong>Selecci\u00f3n Peruana.<\/strong>\u00a0Esta indumentaria no ser\u00e1 utilizado en torneos oficiales.<\/p>\n","protected":false},"excerpt":{"rendered":"<p>Demuestra tu pasi\u00f3n por la selecci\u00f3n con la <strong>Camiseta Per\u00fa Alterna 2019 <\/strong>est\u00e1 pensada para tu rutina diaria o entrenamientos.\u00a0 Esta<strong>\u00a0camiseta deportiva<\/strong>\u00a0est\u00e1 hecha a partir de una combinaci\u00f3n de suaves materiales y posee un ajuste preciso para una excelente movilidad.<\/p>\n","protected":false},"featured_media":706,"comment_status":"open","ping_status":"closed","template":"","meta":{"spay_email":""},"product_cat":[28,30],"product_tag":[],"class_list":["post-705","product","type-product","status-publish","has-post-thumbnail","hentry","product_cat-camisetas","product_cat-fpf"],"_links":{"self":[{"href":"https:\/\/peruonline.store\/index.php\/wp-json\/wp\/v2\/product\/705","targetHints":{"allow":["GET"]}}],"collection":[{"href":"https:\/\/peruonline.store\/index.php\/wp-json\/wp\/v2\/product"}],"about":[{"href":"https:\/\/peruonline.store\/index.php\/wp-json\/wp\/v2\/types\/product"}],"replies":[{"embeddable":true,"href":"https:\/\/peruonline.store\/index.php\/wp-json\/wp\/v2\/comments?post=705"}],"wp:featuredmedia":[{"embeddable":true,"href":"https:\/\/peruonline.store\/index.php\/wp-json\/wp\/v2\/media\/706"}],"wp:attachment":[{"href":"https:\/\/peruonline.store\/index.php\/wp-json\/wp\/v2\/media?parent=705"}],"wp:term":[{"taxonomy":"product_cat","embeddable":true,"href":"https:\/\/peruonline.store\/index.php\/wp-json\/wp\/v2\/product_cat?post=705"},{"taxonomy":"product_tag","embeddable":true,"href":"https:\/\/peruonline.store\/index.php\/wp-json\/wp\/v2\/product_tag?post=705"}],"curies":[{"name":"wp","href":"https:\/\/api.w.org\/{rel}","templated":true}]}}