{"id":605,"date":"2021-09-03T17:41:13","date_gmt":"2021-09-03T17:41:13","guid":{"rendered":"https:\/\/peruonline.store\/?post_type=product&#038;p=605"},"modified":"2022-09-28T03:42:59","modified_gmt":"2022-09-28T03:42:59","slug":"camiseta-seleccion-peruana-hinchada-2020-2021","status":"publish","type":"product","link":"https:\/\/peruonline.store\/index.php\/product\/camiseta-seleccion-peruana-hinchada-2020-2021\/","title":{"rendered":"Camiseta Selecci\u00f3n Peruana Hinchada 2020-2021"},"content":{"rendered":"","protected":false},"excerpt":{"rendered":"<p>Demuestra tu pasi\u00f3n por la selecci\u00f3n con la\u00a0<strong>Camiseta Per\u00fa Hinchada 2020-2021<\/strong><strong>\u00a0<\/strong>est\u00e1 pensada para tu rutina diaria o entrenamientos.\u00a0 Esta<strong>\u00a0camiseta deportiva<\/strong> est\u00e1 hecha a partir de una combinaci\u00f3n de suaves materiales y posee un ajuste preciso para una excelente movilidad.<\/p>\n","protected":false},"featured_media":612,"comment_status":"open","ping_status":"closed","template":"","meta":{"spay_email":""},"product_cat":[28,30],"product_tag":[],"class_list":["post-605","product","type-product","status-publish","has-post-thumbnail","hentry","product_cat-camisetas","product_cat-fpf"],"_links":{"self":[{"href":"https:\/\/peruonline.store\/index.php\/wp-json\/wp\/v2\/product\/605","targetHints":{"allow":["GET"]}}],"collection":[{"href":"https:\/\/peruonline.store\/index.php\/wp-json\/wp\/v2\/product"}],"about":[{"href":"https:\/\/peruonline.store\/index.php\/wp-json\/wp\/v2\/types\/product"}],"replies":[{"embeddable":true,"href":"https:\/\/peruonline.store\/index.php\/wp-json\/wp\/v2\/comments?post=605"}],"wp:featuredmedia":[{"embeddable":true,"href":"https:\/\/peruonline.store\/index.php\/wp-json\/wp\/v2\/media\/612"}],"wp:attachment":[{"href":"https:\/\/peruonline.store\/index.php\/wp-json\/wp\/v2\/media?parent=605"}],"wp:term":[{"taxonomy":"product_cat","embeddable":true,"href":"https:\/\/peruonline.store\/index.php\/wp-json\/wp\/v2\/product_cat?post=605"},{"taxonomy":"product_tag","embeddable":true,"href":"https:\/\/peruonline.store\/index.php\/wp-json\/wp\/v2\/product_tag?post=605"}],"curies":[{"name":"wp","href":"https:\/\/api.w.org\/{rel}","templated":true}]}}