{"id":1459,"date":"2021-12-25T22:07:12","date_gmt":"2021-12-25T22:07:12","guid":{"rendered":"https:\/\/peruonline.store\/?post_type=product&#038;p=1459"},"modified":"2024-09-03T01:02:02","modified_gmt":"2024-09-03T01:02:02","slug":"camiseta-seleccion-peruana-1982","status":"publish","type":"product","link":"https:\/\/peruonline.store\/index.php\/product\/camiseta-seleccion-peruana-1982\/","title":{"rendered":"Camiseta Selecci\u00f3n Peruana 1982 Retro"},"content":{"rendered":"<p>Para el mundial de Espa\u00f1a \u201982, la marca oficial fue la brasile\u00f1a Penalty. Se jug\u00f3 tres partidos: se empat\u00f3 2 y perdi\u00f3 1.\u00a0 El dise\u00f1o era menos estilizado que adidas.<\/p>\n","protected":false},"excerpt":{"rendered":"<div>\n<p>Demuestra tu pasi\u00f3n por la selecci\u00f3n con la\u00a0<strong>Camiseta Per\u00fa Retro 1982<\/strong><strong>. <\/strong>Esta<strong>\u00a0camiseta deportiva<\/strong> est\u00e1 hecha a partir de una combinaci\u00f3n de suaves materiales y posee un ajuste preciso para una excelente movilidad.<\/p>\n<\/div>\n<div><\/div>\n","protected":false},"featured_media":1464,"comment_status":"open","ping_status":"closed","template":"","meta":{"spay_email":""},"product_cat":[28,30,58],"product_tag":[],"class_list":["post-1459","product","type-product","status-publish","has-post-thumbnail","hentry","product_cat-camisetas","product_cat-fpf","product_cat-retro"],"_links":{"self":[{"href":"https:\/\/peruonline.store\/index.php\/wp-json\/wp\/v2\/product\/1459","targetHints":{"allow":["GET"]}}],"collection":[{"href":"https:\/\/peruonline.store\/index.php\/wp-json\/wp\/v2\/product"}],"about":[{"href":"https:\/\/peruonline.store\/index.php\/wp-json\/wp\/v2\/types\/product"}],"replies":[{"embeddable":true,"href":"https:\/\/peruonline.store\/index.php\/wp-json\/wp\/v2\/comments?post=1459"}],"wp:featuredmedia":[{"embeddable":true,"href":"https:\/\/peruonline.store\/index.php\/wp-json\/wp\/v2\/media\/1464"}],"wp:attachment":[{"href":"https:\/\/peruonline.store\/index.php\/wp-json\/wp\/v2\/media?parent=1459"}],"wp:term":[{"taxonomy":"product_cat","embeddable":true,"href":"https:\/\/peruonline.store\/index.php\/wp-json\/wp\/v2\/product_cat?post=1459"},{"taxonomy":"product_tag","embeddable":true,"href":"https:\/\/peruonline.store\/index.php\/wp-json\/wp\/v2\/product_tag?post=1459"}],"curies":[{"name":"wp","href":"https:\/\/api.w.org\/{rel}","templated":true}]}}