{"id":1323,"date":"2021-11-26T16:36:28","date_gmt":"2021-11-26T16:36:28","guid":{"rendered":"https:\/\/peruonline.store\/?post_type=product&#038;p=1323"},"modified":"2023-11-10T15:58:32","modified_gmt":"2023-11-10T15:58:32","slug":"camiseta-alianza-lima-1999","status":"publish","type":"product","link":"https:\/\/peruonline.store\/index.php\/product\/camiseta-alianza-lima-1999\/","title":{"rendered":"Camiseta Alianza Lima 1999"},"content":{"rendered":"<p>El a\u00f1o 1999 trabajo buenas y malas noticias para el pueblo blanquiazul. Por un lado, fue el a\u00f1o en el cual se destap\u00f3 el Bombardero de Los Andes y fue vendido al Werder Bremen. Por otro, la familia aliancista sufri\u00f3 la p\u00e9rdida de una de sus piezas m\u00e1s valiosas: Sandro Baylon. Jugador clave y que desde su llegada al club en 1997 demostr\u00f3 ser un caudillo.<\/p>\n<div>Baylon se fue a los 22 a\u00f1os y el pueblo blanquiazul llor\u00f3 y sufri\u00f3 su partida.<\/div>\n","protected":false},"excerpt":{"rendered":"<p>Nos une la pasi\u00f3n, nos define una historia, todos nuestros corazones palpitan con el mismo sentimiento. <strong>Juntos Somos Coraz\u00f3n, Juntos Somos Alianza.<\/strong><\/p>\n","protected":false},"featured_media":1326,"comment_status":"open","ping_status":"closed","template":"","meta":{"spay_email":""},"product_cat":[28,31,55,58],"product_tag":[],"class_list":["post-1323","product","type-product","status-publish","has-post-thumbnail","hentry","product_cat-camisetas","product_cat-clubes","product_cat-nacionales","product_cat-retro"],"_links":{"self":[{"href":"https:\/\/peruonline.store\/index.php\/wp-json\/wp\/v2\/product\/1323","targetHints":{"allow":["GET"]}}],"collection":[{"href":"https:\/\/peruonline.store\/index.php\/wp-json\/wp\/v2\/product"}],"about":[{"href":"https:\/\/peruonline.store\/index.php\/wp-json\/wp\/v2\/types\/product"}],"replies":[{"embeddable":true,"href":"https:\/\/peruonline.store\/index.php\/wp-json\/wp\/v2\/comments?post=1323"}],"wp:featuredmedia":[{"embeddable":true,"href":"https:\/\/peruonline.store\/index.php\/wp-json\/wp\/v2\/media\/1326"}],"wp:attachment":[{"href":"https:\/\/peruonline.store\/index.php\/wp-json\/wp\/v2\/media?parent=1323"}],"wp:term":[{"taxonomy":"product_cat","embeddable":true,"href":"https:\/\/peruonline.store\/index.php\/wp-json\/wp\/v2\/product_cat?post=1323"},{"taxonomy":"product_tag","embeddable":true,"href":"https:\/\/peruonline.store\/index.php\/wp-json\/wp\/v2\/product_tag?post=1323"}],"curies":[{"name":"wp","href":"https:\/\/api.w.org\/{rel}","templated":true}]}}