{"id":80,"date":"2019-10-03T07:59:25","date_gmt":"2019-10-03T07:59:25","guid":{"rendered":"https:\/\/peruonline.store\/index.php\/about-us\/"},"modified":"2021-08-19T19:31:23","modified_gmt":"2021-08-19T19:31:23","slug":"quienes-somos","status":"publish","type":"page","link":"https:\/\/peruonline.store\/index.php\/quienes-somos\/","title":{"rendered":"\u00bfQuienes Somos?"},"content":{"rendered":"\t\t<div data-elementor-type=\"wp-page\" data-elementor-id=\"80\" class=\"elementor elementor-80\" data-elementor-settings=\"[]\">\n\t\t\t\t\t\t<div class=\"elementor-inner\">\n\t\t\t\t\t\t\t<div class=\"elementor-section-wrap\">\n\t\t\t\t\t\t\t<section class=\"elementor-section elementor-top-section elementor-element elementor-element-2fc2f7b elementor-section-content-middle elementor-reverse-mobile elementor-section-boxed elementor-section-height-default elementor-section-height-default\" data-id=\"2fc2f7b\" data-element_type=\"section\">\n\t\t\t\t\t\t<div class=\"elementor-container elementor-column-gap-default\">\n\t\t\t\t\t\t\t<div class=\"elementor-row\">\n\t\t\t\t\t<div class=\"aux-parallax-section elementor-column elementor-col-50 elementor-top-column elementor-element elementor-element-09cb278\" data-id=\"09cb278\" data-element_type=\"column\">\n\t\t\t<div class=\"elementor-column-wrap elementor-element-populated\">\n\t\t\t\t\t\t\t<div class=\"elementor-widget-wrap\">\n\t\t\t\t\t\t<div class=\"elementor-element elementor-element-5ffebb1 aux-appear-watch-animation aux-fade-in-up elementor-widget elementor-widget-aux_modern_heading\" data-id=\"5ffebb1\" data-element_type=\"widget\" data-widget_type=\"aux_modern_heading.default\">\n\t\t\t\t<div class=\"elementor-widget-container\">\n\t\t\t<section class=\"aux-widget-modern-heading\">\n            <div class=\"aux-widget-inner\"><h2 class=\"aux-modern-heading-primary\"><\/h2><h3 class=\"aux-modern-heading-secondary\"><span class=\"aux-head-before\">SOBRE NOSOTROS<\/span><\/h3><div class=\"aux-modern-heading-description\"><p><span lang=\"ES\"><strong style=\"color: red;\">Peru Online Store<\/strong> ha estado vendiendo ropa deportiva con licencia oficial en l\u00ednea desde 2006. Nos esforzamos por proporcionar una transacci\u00f3n sin problemas para los clientes. Nosotros compramos todos nuestros productos directamente de Marathon Sports, Nike, Umbro.<\/span><\/p><p><b><span lang=\"ES\" style=\"color: red;\">Peru Online Store<\/span><\/b><span lang=\"ES\">\u00a0es una empresa estadounidense con sede en los suburbios de Montclair, Virginia. Tres empleados manejan el negocio desde un almac\u00e9n de 500 pies cuadrados. Estamos orgullosos de ofrecer a nuestros clientes camisetas aut\u00e9nticas a precios de descuento con env\u00edo r\u00e1pido.<\/span><\/p><p><span lang=\"ES\">Todos los pedidos se env\u00edan desde Virginia, EE. UU. Nuestra mercanc\u00eda se mantiene en un ambiente limpio, libre de polvo y humo. Toda nuestra mercanc\u00eda tiene licencia y es 100% aut\u00e9ntica.<\/span><\/p><\/div><\/div>\n        <\/section>\t\t<\/div>\n\t\t\t\t<\/div>\n\t\t\t\t<div class=\"elementor-element elementor-element-98a493c aux-appear-watch-animation aux-fade-in-up elementor-widget elementor-widget-aux_button\" data-id=\"98a493c\" data-element_type=\"widget\" data-widget_type=\"aux_button.default\">\n\t\t\t\t<div class=\"elementor-widget-container\">\n\t\t\t<a  href=\"https:\/\/peruonline.store\/index.php\/contacto\/\" target=\"_self\"   class=\"aux-button aux-medium aux-carmine-pink aux-curve aux-none aux-uppercase\" ><span class=\"aux-overlay\"><\/span><span class=\"aux-text\">Cont\u00e1ctenos<\/span><\/a>\t\t<\/div>\n\t\t\t\t<\/div>\n\t\t\t\t\t\t<\/div>\n\t\t\t\t\t<\/div>\n\t\t<\/div>\n\t\t\t\t<div class=\"aux-parallax-section elementor-column elementor-col-50 elementor-top-column elementor-element elementor-element-f80096d\" data-id=\"f80096d\" data-element_type=\"column\" data-settings=\"{&quot;background_background&quot;:&quot;classic&quot;}\">\n\t\t\t<div class=\"elementor-column-wrap\">\n\t\t\t\t\t\t\t<div class=\"elementor-widget-wrap\">\n\t\t\t\t\t\t\t\t<\/div>\n\t\t\t\t\t<\/div>\n\t\t<\/div>\n\t\t\t\t\t\t\t\t<\/div>\n\t\t\t\t\t<\/div>\n\t\t<\/section>\n\t\t\t\t\t\t<\/div>\n\t\t\t\t\t\t<\/div>\n\t\t\t\t\t<\/div>\n\t\t","protected":false},"excerpt":{"rendered":"<p>SOBRE NOSOTROS Peru Online Store ha estado vendiendo ropa deportiva con licencia oficial en l\u00ednea desde 2006. Nos esforzamos por proporcionar una transacci\u00f3n sin problemas para los clientes. Nosotros compramos todos nuestros productos directamente de Marathon Sports, Nike, Umbro. Peru Online Store\u00a0es una empresa estadounidense con sede en los suburbios de Montclair, Virginia. Tres empleados [&hellip;]<\/p>\n","protected":false},"author":1,"featured_media":0,"parent":0,"menu_order":0,"comment_status":"closed","ping_status":"closed","template":"templates\/page-builder-content.php","meta":{"spay_email":"","footnotes":""},"class_list":["post-80","page","type-page","status-publish","hentry"],"_links":{"self":[{"href":"https:\/\/peruonline.store\/index.php\/wp-json\/wp\/v2\/pages\/80","targetHints":{"allow":["GET"]}}],"collection":[{"href":"https:\/\/peruonline.store\/index.php\/wp-json\/wp\/v2\/pages"}],"about":[{"href":"https:\/\/peruonline.store\/index.php\/wp-json\/wp\/v2\/types\/page"}],"author":[{"embeddable":true,"href":"https:\/\/peruonline.store\/index.php\/wp-json\/wp\/v2\/users\/1"}],"replies":[{"embeddable":true,"href":"https:\/\/peruonline.store\/index.php\/wp-json\/wp\/v2\/comments?post=80"}],"version-history":[{"count":38,"href":"https:\/\/peruonline.store\/index.php\/wp-json\/wp\/v2\/pages\/80\/revisions"}],"predecessor-version":[{"id":509,"href":"https:\/\/peruonline.store\/index.php\/wp-json\/wp\/v2\/pages\/80\/revisions\/509"}],"wp:attachment":[{"href":"https:\/\/peruonline.store\/index.php\/wp-json\/wp\/v2\/media?parent=80"}],"curies":[{"name":"wp","href":"https:\/\/api.w.org\/{rel}","templated":true}]}}