{"id":341,"date":"2021-08-15T20:51:45","date_gmt":"2021-08-15T20:51:45","guid":{"rendered":"https:\/\/peruonline.store\/index.php\/terminos-y-condiciones-copy\/"},"modified":"2021-08-19T15:50:22","modified_gmt":"2021-08-19T15:50:22","slug":"politicas-de-envio","status":"publish","type":"page","link":"https:\/\/peruonline.store\/index.php\/politicas-de-envio\/","title":{"rendered":"POLITICAS DE ENVIO"},"content":{"rendered":"\t\t<div data-elementor-type=\"wp-page\" data-elementor-id=\"341\" class=\"elementor elementor-341\" data-elementor-settings=\"[]\">\n\t\t\t\t\t\t<div class=\"elementor-inner\">\n\t\t\t\t\t\t\t<div class=\"elementor-section-wrap\">\n\t\t\t\t\t\t\t<section class=\"elementor-section elementor-top-section elementor-element elementor-element-2fc2f7b elementor-section-content-middle elementor-reverse-mobile elementor-section-boxed elementor-section-height-default elementor-section-height-default\" data-id=\"2fc2f7b\" data-element_type=\"section\">\n\t\t\t\t\t\t<div class=\"elementor-container elementor-column-gap-default\">\n\t\t\t\t\t\t\t<div class=\"elementor-row\">\n\t\t\t\t\t<div class=\"aux-parallax-section elementor-column elementor-col-100 elementor-top-column elementor-element elementor-element-09cb278\" data-id=\"09cb278\" data-element_type=\"column\">\n\t\t\t<div class=\"elementor-column-wrap elementor-element-populated\">\n\t\t\t\t\t\t\t<div class=\"elementor-widget-wrap\">\n\t\t\t\t\t\t<div class=\"elementor-element elementor-element-3682e99 elementor-widget elementor-widget-text-editor\" data-id=\"3682e99\" data-element_type=\"widget\" data-widget_type=\"text-editor.default\">\n\t\t\t\t<div class=\"elementor-widget-container\">\n\t\t\t\t\t\t\t\t<div class=\"elementor-text-editor elementor-clearfix\">\n\t\t\t\t\t<h2 style=\"color:red;\">POLITICAS DE ENVIO<\/h2>\n<h4><strong>PLAZO Y NORMAS DE ENTREGA<\/strong><\/h4>\n<ul>\n \t<li>Peru Online Storeefectuar\u00e1 el env\u00edo a un domicilio siempre y cuando haya ingresado la direcci\u00f3n correcta donde se enviar\u00e1 el paquete.<\/li>\n \t<li>Las \u00f3rdenes solo ser\u00e1n entregadas en d\u00edas h\u00e1biles; es decir, de lunes a viernes. No son considerados como d\u00edas h\u00e1biles los feriados.<\/li>\n \t<li>Los tiempos de entrega en pedidos realizados en v\u00edspera de un feriado, podr\u00e1n incrementarse en 1 o 2 d\u00edas h\u00e1biles adicionales o correspondientes a los d\u00edas feriado.<\/li>\n \t<li>Los tiempos de entrega var\u00edan dependiendo de la distancia y ubicaci\u00f3n del destinatario (pa\u00eds, ciudad, estado y condado).<\/li>\n \t<li>Los periodos de entrega son referenciales; por consiguiente, no deben considerarse como fechas l\u00edmites estrictas. Sin embargo, puedes hacer el seguimiento de tu pedido.<\/li>\n<\/ul>\n<h4><strong>CAMBIO DE DIRECCI\u00d3N ENTREGA<\/strong><\/h4>\n<ul>\n \t<li>No se podr\u00e1 realizar ning\u00fan tipo de cambios de direcci\u00f3n de entrega una vez que el pedido haya sido pagado.<\/li>\n<\/ul>\nLos pedidos de\u00a0Peru Online Store\u00a0llegan a todas las ciudades en las que nuestro proveedor log\u00edstico tenga cobertura.\t\t\t\t\t<\/div>\n\t\t\t\t\t\t<\/div>\n\t\t\t\t<\/div>\n\t\t\t\t<div class=\"elementor-element elementor-element-98a493c aux-appear-watch-animation aux-fade-in-up elementor-widget elementor-widget-aux_button\" data-id=\"98a493c\" data-element_type=\"widget\" data-widget_type=\"aux_button.default\">\n\t\t\t\t<div class=\"elementor-widget-container\">\n\t\t\t<a  href=\"https:\/\/peruonline.store\/index.php\/contacto\/\" target=\"_self\"   class=\"aux-button aux-medium aux-carmine-pink aux-curve aux-none aux-uppercase\" ><span class=\"aux-overlay\"><\/span><span class=\"aux-text\">Cont\u00e1ctenos<\/span><\/a>\t\t<\/div>\n\t\t\t\t<\/div>\n\t\t\t\t\t\t<\/div>\n\t\t\t\t\t<\/div>\n\t\t<\/div>\n\t\t\t\t\t\t\t\t<\/div>\n\t\t\t\t\t<\/div>\n\t\t<\/section>\n\t\t\t\t\t\t<\/div>\n\t\t\t\t\t\t<\/div>\n\t\t\t\t\t<\/div>\n\t\t","protected":false},"excerpt":{"rendered":"<p>POLITICAS DE ENVIO PLAZO Y NORMAS DE ENTREGA Peru Online Storeefectuar\u00e1 el env\u00edo a un domicilio siempre y cuando haya ingresado la direcci\u00f3n correcta donde se enviar\u00e1 el paquete. Las \u00f3rdenes solo ser\u00e1n entregadas en d\u00edas h\u00e1biles; es decir, de lunes a viernes. No son considerados como d\u00edas h\u00e1biles los feriados. Los tiempos de entrega [&hellip;]<\/p>\n","protected":false},"author":1,"featured_media":0,"parent":0,"menu_order":0,"comment_status":"closed","ping_status":"closed","template":"templates\/page-builder-content.php","meta":{"spay_email":"","footnotes":""},"class_list":["post-341","page","type-page","status-publish","hentry"],"_links":{"self":[{"href":"https:\/\/peruonline.store\/index.php\/wp-json\/wp\/v2\/pages\/341","targetHints":{"allow":["GET"]}}],"collection":[{"href":"https:\/\/peruonline.store\/index.php\/wp-json\/wp\/v2\/pages"}],"about":[{"href":"https:\/\/peruonline.store\/index.php\/wp-json\/wp\/v2\/types\/page"}],"author":[{"embeddable":true,"href":"https:\/\/peruonline.store\/index.php\/wp-json\/wp\/v2\/users\/1"}],"replies":[{"embeddable":true,"href":"https:\/\/peruonline.store\/index.php\/wp-json\/wp\/v2\/comments?post=341"}],"version-history":[{"count":7,"href":"https:\/\/peruonline.store\/index.php\/wp-json\/wp\/v2\/pages\/341\/revisions"}],"predecessor-version":[{"id":495,"href":"https:\/\/peruonline.store\/index.php\/wp-json\/wp\/v2\/pages\/341\/revisions\/495"}],"wp:attachment":[{"href":"https:\/\/peruonline.store\/index.php\/wp-json\/wp\/v2\/media?parent=341"}],"curies":[{"name":"wp","href":"https:\/\/api.w.org\/{rel}","templated":true}]}}