{"id":317,"date":"2021-08-15T18:03:34","date_gmt":"2021-08-15T18:03:34","guid":{"rendered":"https:\/\/peruonline.store\/index.php\/quienes-somos-copy\/"},"modified":"2021-08-19T15:50:02","modified_gmt":"2021-08-19T15:50:02","slug":"terminos-y-condiciones","status":"publish","type":"page","link":"https:\/\/peruonline.store\/index.php\/terminos-y-condiciones\/","title":{"rendered":"T\u00c9RMINOS Y CONDICIONES"},"content":{"rendered":"\t\t<div data-elementor-type=\"wp-page\" data-elementor-id=\"317\" class=\"elementor elementor-317\" data-elementor-settings=\"[]\">\n\t\t\t\t\t\t<div class=\"elementor-inner\">\n\t\t\t\t\t\t\t<div class=\"elementor-section-wrap\">\n\t\t\t\t\t\t\t<section class=\"elementor-section elementor-top-section elementor-element elementor-element-2fc2f7b elementor-section-content-middle elementor-reverse-mobile elementor-section-boxed elementor-section-height-default elementor-section-height-default\" data-id=\"2fc2f7b\" data-element_type=\"section\">\n\t\t\t\t\t\t<div class=\"elementor-container elementor-column-gap-default\">\n\t\t\t\t\t\t\t<div class=\"elementor-row\">\n\t\t\t\t\t<div class=\"aux-parallax-section elementor-column elementor-col-100 elementor-top-column elementor-element elementor-element-09cb278\" data-id=\"09cb278\" data-element_type=\"column\">\n\t\t\t<div class=\"elementor-column-wrap elementor-element-populated\">\n\t\t\t\t\t\t\t<div class=\"elementor-widget-wrap\">\n\t\t\t\t\t\t<div class=\"elementor-element elementor-element-3682e99 elementor-widget elementor-widget-text-editor\" data-id=\"3682e99\" data-element_type=\"widget\" data-widget_type=\"text-editor.default\">\n\t\t\t\t<div class=\"elementor-widget-container\">\n\t\t\t\t\t\t\t\t<div class=\"elementor-text-editor elementor-clearfix\">\n\t\t\t\t\t<h2>TERMINOS Y CONDICIONES<\/h2><p>Por medio del presente sitio web\u00a0peruonline.store, de ahora en adelante \u201cLA EMPRESA\u201d ofrece un servicio al usuario, bajo la condici\u00f3n que \u201cEl Usuario\u201d, acepte sin restricci\u00f3n los t\u00e9rminos y condiciones aqu\u00ed establecidos, de manera tal que al hacer uso de este sitio web, el usuario est\u00e1 aceptando de manera expresa todos y cada uno de los t\u00e9rminos y aqu\u00ed establecidos.<\/p><p>LA EMPRESA se reserva el derecho de modificar el presente acuerdo, as\u00ed como de realizar cambios a cualquier producto o servicio descritos en el presente sitio web, en cualquier momento, sin que para el efecto deba realizar ning\u00fan tipo de notificaci\u00f3n previa y\/o asumir alguna responsabilidad por tal modificaci\u00f3n o cambio.<\/p><p>Los t\u00edtulos incluidos en el presente han sido \u00fanicamente para facilitar su lectura y comprensi\u00f3n, m\u00e1s en ning\u00fan momento servir\u00e1n como fuente de interpretaci\u00f3n del mismo.<\/p><h4><strong>USO DEL SITIO WEB<\/strong><\/h4><p>El usuario garantiza y establece que goza de la capacidad legal para suscribir el presente acuerdo, y que ha le\u00eddo y acepta de manera expresa todos los t\u00e9rminos y condiciones establecidos en el mismo sin ning\u00fan tipo de limitaci\u00f3n o restricci\u00f3n.<\/p><p>La funci\u00f3n espec\u00edfica del presente sitio web, y tal como lo reconoce y acepta de manera expresa el usuario, es la de ofrecer un cat\u00e1logo de productos para la pr\u00e1ctica deportiva, as\u00ed como la de realizar ventas y transacciones comerciales a trav\u00e9s de internet.<\/p><h4><strong>\u00a0<\/strong><strong>OBLIGACIONES DEL USUARIO<\/strong><\/h4><p>Las obligaciones derivadas del presente acuerdo para el usuario son las siguientes:<\/p><ol><li>Utilizar el sitio web \u00fanica y exclusivamente para realizar compras leg\u00edtimas para s\u00ed mismo, es decir para su uso o usufructo personal, o para un tercero debidamente autorizado que lo haya autorizado de manera expresa, no as\u00ed compras falsas o fraudulentas; la EMPRESA se reserva el derecho de cancelar cualquier compra o pedido realizado si considera que las mismas no se encuentran dentro de los par\u00e1metros establecidos en este p\u00e1rrafo.<\/li><li>Ser responsable econ\u00f3micamente por el uso del sitio web.<\/li><li>Cubrir todos los cargos, recargos, tasas e impuestos que surjan como consecuencia directa o indirecta del uso de este sitio web.<\/li><li>No ceder, transmitir, transferir, asignar, otorgar licencia o sublicenciar de manera alguna los derechos que emanan del uso de este sitio web.<\/li><li>El usuario reconoce los derechos de autor de LA EMPRESA, como propietario absoluto y exclusivo del contenido total de este sitio web.<\/li><li>Indemnizar a LA EMPRESA y\/o sus proveedores por cualquier tipo de responsabilidad, gastos y\/o da\u00f1os y perjuicios que pudieran surgir como consecuencia del uso directo o indirecto por parte del usuario del sitio web.<\/li><\/ol><h4><strong>\u00a0<\/strong><strong>EXENCI\u00d3N DE RESPONSABILIDAD<\/strong><\/h4><p>El contenido del presente sitio web puede tener errores tipogr\u00e1ficos y\/o datos incorrectos. Dicho contenido puede ser variado o cambiado de manera peri\u00f3dica por LA EMPRESA, a fin de incluir cambios o mejoras al contenido sin necesidad de realizar una previa notificaci\u00f3n. Sin embargo LA EMPRESA no tiene obligaci\u00f3n o responsabilidad, ni realiza garant\u00eda alguna, sobre la idoneidad de la informaci\u00f3n, software, y\/o servicios incluidos en el mismo.<\/p><p>LA EMPRESA no garantiza ni se compromete a que el uso de la informaci\u00f3n y\/o el material incluido en el presente sitio web no violar\u00e1 o lesionar\u00e1 derechos de propiedad intelectual de tercero alguno. LA EMPRESA no ser\u00e1 responsable por ning\u00fan tipo de virus o cualquier otro da\u00f1o que pueda sufrir la computadora o el sistema de la computadora derivado del acceso a sitio web y\/o de la aplicaci\u00f3n, as\u00ed como por la descarga de material de cualquier especie que aparezca en el mismo.<\/p><p>LA EMPRESA se reserva el derecho a ofrecer productos y\/o servicios en \u00e1reas o localizaciones espec\u00edficas, sin estar obligada a ampliar la aplicaci\u00f3n de los mismos a todos los lugares de cobertura de la presente web. La falta de identificaci\u00f3n de las \u00e1reas o localizaciones en las cuales se ofrece el producto y\/o servicio dentro del presente sitio web no constituye obligaci\u00f3n alguna para LA EMPRESA, por lo que no es responsabilidad de LA EMPRESA el ampliar el \u00e1mbito de aplicaci\u00f3n a otras \u00e1reas o localizaciones.<\/p><p>El sitio web pudiera contener v\u00ednculos con otros sitios web, LA EMPRESA no se hace responsable por el contenido o informaci\u00f3n de los sitios a los cuales el usuario pudiera acceder al establecer contacto a trav\u00e9s del sitio web.<\/p><h4><strong>ENMIENDAS Y MODIFICACIONES<\/strong><\/h4><p>LA EMPRESA se reserva el derecho de revisar, enmendar, reformar y\/o modificar los t\u00e9rminos y condiciones del presente acuerdo. El usuario tiene la obligaci\u00f3n de realizar revisiones peri\u00f3dicas de dichos t\u00e9rminos y condiciones, ya que el uso posterior del sitio web constituye la aceptaci\u00f3n expresa de dichos t\u00e9rminos y condiciones.<strong>\u00a0<\/strong><\/p><h4><strong>PROHIBICIONES<\/strong><\/h4><p>El usuario se compromete a no utilizar de manera indebida el sitio web, este uso indebido incluye de forma enunciativa y no limitada de lo siguiente:<\/p><ol><li>Suplantar o fingir ser otra persona.<\/li><li>La violaci\u00f3n de cualquier disposici\u00f3n legal aplicable.<\/li><li>Distribuir, divulgar o publicar cualquier informaci\u00f3n o material que degrade, averg\u00fcence, moleste, humille, intimide o amenace a cualquier otra persona o grupo de personas por razones de edad, origen familiar, raza, estado civil, condici\u00f3n m\u00e9dica, discapacidad f\u00edsica o mental, nacionalidad, sexo, orientaci\u00f3n sexual, afiliaci\u00f3n sindical o no sindical o cualquier otra forma discriminatoria prohibida en una ley.<\/li><li>Causar molestias o perturbar a terceros a trav\u00e9s de o con ocasi\u00f3n del uso del sitio web, afectando de cualquier manera los derechos legales de otras personas, en especial, pero sin limitarse a los derechos de privacidad.<\/li><li>Recopilar o almacenar sin autorizaci\u00f3n datos de terceros o acerca de ellos, que no contengan el idioma publicado, las referencias del autor y\/o avisos de derecho de autor, patente, marca y otros amparados bajo la protecci\u00f3n de derechos de propiedad intelectual.<\/li><li>Utilizar el servicio de forma que no sea la expresamente permitida.<\/li><li>Reproducir, duplicar, copiar, vender o explotar con alg\u00fan fin comercial la informaci\u00f3n de manera parcial o total derivada del uso o por el acceso que se tenga al servicio.<\/li><li>Utilizar t\u00e9rminos o expresiones injuriosas, intimidantes, calumniosas o temerarias.<\/li><li>Tergiversar u omitir el origen o fuente de cualquier archivo que se cargue o se descargue.<\/li><\/ol><h4><strong>\u00a0<\/strong><strong>OTROS T\u00c9RMINOS<\/strong><\/h4><p>El presente Acuerdo constituye el acuerdo integral que rige el acceso, transacciones y uso del sitio web. Pueden adicionalmente existir otros t\u00e9rminos y condiciones ligados a bienes y servicios que el usuario obtenga, compre o use a trav\u00e9s del sitio web. En caso de conflicto entre el presente Acuerdo y alguno espec\u00edfico para el bien o servicio que el usuario obtenga, prevalecer\u00e1n los espec\u00edficos aplicables al bien o servicio al que el usuario acceda.<\/p><p>Cualquier omisi\u00f3n por parte de LA EMPRESA, para hacer valer cualquiera de sus derechos que emanen del presente Acuerdo de manera alguna constituye renuncia a los mismos, los cuales los puede hacer valer en cualquier momento frente a cualquier persona natural o jur\u00eddica. Si alguno de los par\u00e1grafos establecidos en el presente acuerdo por alg\u00fan motivo no resultare ser aplicable, no afectar\u00e1 a la totalidad del acuerdo y se la considerar\u00e1 no escrita para la aplicaci\u00f3n del mismo, sin que esto reste validez al contenido de los dem\u00e1s par\u00e1grafos del Acuerdo.<\/p><p><strong>LA ACEPTACION DE LOS T\u00c9RMINOS Y CONDICIONES IMPLICA EL CONOCIMIENTO, COMPRENSI\u00d3N Y CONFORMIDAD CON LOS MISMOS. EL (LOS) USUARIO(S) HA(N) SIDO INFORMADO(S) Y ACEPTA(N) LOS TERMINOS Y CONDICIONES DEL ACUERDO DE SERVICIOS.<\/strong><\/p>\t\t\t\t\t<\/div>\n\t\t\t\t\t\t<\/div>\n\t\t\t\t<\/div>\n\t\t\t\t<div class=\"elementor-element elementor-element-98a493c aux-appear-watch-animation aux-fade-in-up elementor-widget elementor-widget-aux_button\" data-id=\"98a493c\" data-element_type=\"widget\" data-widget_type=\"aux_button.default\">\n\t\t\t\t<div class=\"elementor-widget-container\">\n\t\t\t<a  href=\"https:\/\/peruonline.store\/index.php\/contacto\/\" target=\"_self\"   class=\"aux-button aux-medium aux-carmine-pink aux-curve aux-none aux-uppercase\" ><span class=\"aux-overlay\"><\/span><span class=\"aux-text\">Cont\u00e1ctenos<\/span><\/a>\t\t<\/div>\n\t\t\t\t<\/div>\n\t\t\t\t\t\t<\/div>\n\t\t\t\t\t<\/div>\n\t\t<\/div>\n\t\t\t\t\t\t\t\t<\/div>\n\t\t\t\t\t<\/div>\n\t\t<\/section>\n\t\t\t\t\t\t<\/div>\n\t\t\t\t\t\t<\/div>\n\t\t\t\t\t<\/div>\n\t\t","protected":false},"excerpt":{"rendered":"<p>TERMINOS Y CONDICIONES Por medio del presente sitio web\u00a0peruonline.store, de ahora en adelante \u201cLA EMPRESA\u201d ofrece un servicio al usuario, bajo la condici\u00f3n que \u201cEl Usuario\u201d, acepte sin restricci\u00f3n los t\u00e9rminos y condiciones aqu\u00ed establecidos, de manera tal que al hacer uso de este sitio web, el usuario est\u00e1 aceptando de manera expresa todos y [&hellip;]<\/p>\n","protected":false},"author":1,"featured_media":0,"parent":0,"menu_order":0,"comment_status":"closed","ping_status":"closed","template":"templates\/page-builder-content.php","meta":{"spay_email":"","footnotes":""},"class_list":["post-317","page","type-page","status-publish","hentry"],"_links":{"self":[{"href":"https:\/\/peruonline.store\/index.php\/wp-json\/wp\/v2\/pages\/317","targetHints":{"allow":["GET"]}}],"collection":[{"href":"https:\/\/peruonline.store\/index.php\/wp-json\/wp\/v2\/pages"}],"about":[{"href":"https:\/\/peruonline.store\/index.php\/wp-json\/wp\/v2\/types\/page"}],"author":[{"embeddable":true,"href":"https:\/\/peruonline.store\/index.php\/wp-json\/wp\/v2\/users\/1"}],"replies":[{"embeddable":true,"href":"https:\/\/peruonline.store\/index.php\/wp-json\/wp\/v2\/comments?post=317"}],"version-history":[{"count":13,"href":"https:\/\/peruonline.store\/index.php\/wp-json\/wp\/v2\/pages\/317\/revisions"}],"predecessor-version":[{"id":492,"href":"https:\/\/peruonline.store\/index.php\/wp-json\/wp\/v2\/pages\/317\/revisions\/492"}],"wp:attachment":[{"href":"https:\/\/peruonline.store\/index.php\/wp-json\/wp\/v2\/media?parent=317"}],"curies":[{"name":"wp","href":"https:\/\/api.w.org\/{rel}","templated":true}]}}